{"id":1473,"date":"2024-04-02T19:11:10","date_gmt":"2024-04-02T19:11:10","guid":{"rendered":"http:\/\/www.fructicolaemporda.com\/politica-de-privacidad\/"},"modified":"2024-04-08T19:32:05","modified_gmt":"2024-04-08T19:32:05","slug":"politica-de-privacidad","status":"publish","type":"page","link":"http:\/\/www.fructicolaemporda.com\/es\/politica-de-privacidad\/","title":{"rendered":"Pol\u00edtica de privacidad"},"content":{"rendered":"\t\t<div data-elementor-type=\"wp-page\" data-elementor-id=\"1473\" class=\"elementor elementor-1473 elementor-1171\">\n\t\t\t\t\t\t<section class=\"elementor-section elementor-top-section elementor-element elementor-element-779de498 elementor-section-boxed elementor-section-height-default elementor-section-height-default\" data-id=\"779de498\" data-element_type=\"section\">\n\t\t\t\t\t\t<div class=\"elementor-container elementor-column-gap-default\">\n\t\t\t\t\t<div class=\"elementor-column elementor-col-100 elementor-top-column elementor-element elementor-element-4550a816\" data-id=\"4550a816\" data-element_type=\"column\">\n\t\t\t<div class=\"elementor-widget-wrap elementor-element-populated\">\n\t\t\t\t\t\t<div class=\"elementor-element elementor-element-6e97e9fb elementor-widget__width-initial elementor-widget elementor-widget-text-editor\" data-id=\"6e97e9fb\" data-element_type=\"widget\" data-widget_type=\"text-editor.default\">\n\t\t\t\t<div class=\"elementor-widget-container\">\n\t\t\t\t\t\t\t<p><\/p>\n<p><strong>POL\u00cdTICA DE PRIVACIDAD<\/strong><\/p>\n<p>A efecto del previsto en el Reglamento (UE) 2016\/679, del Parlamento Europeo y del Consejo, de 27 de abril del 2016, FRUCTICOLA EMPORDA S.L. (ahora en adelante, el<br \/>Responsable) con NIF B17015769 informa al Usuario que sus datos de car\u00e1cter personal ser\u00e1n tratados con la finalidad de prestarle los servicios solicitados y enviarle<br \/>la informaci\u00f3n sobre nuestra empresa que pueda ser de su inter\u00e9s.<\/p>\n<p><span style=\"text-decoration: underline;\">Responsable del tratamiento<\/span><\/p>\n<p>La empresa responsable del tratamiento de sus datos en virtud de esta Pol\u00edtica de<br \/>Privacidad es:<br \/><strong>FRUCTICOLA EMPORDA S.L.<\/strong><br \/><strong>NIF: B17015769<\/strong><br \/><strong>Domicilio: C\/NARCIS DE CIURANA 12, 17470, SANT PERE PESCADOR, GIRONA<\/strong><br \/><strong>Direcci\u00f3n de correo electr\u00f3nico: emporda@empordasl.com<\/strong><br \/><strong>Web: https:\/\/www.fructicolaemporda.com\/<\/strong><br \/><strong>Tel\u00e9fono: 972520000<\/strong><\/p>\n<p><span style=\"text-decoration: underline;\">Base jur\u00eddica del tratamiento<\/span><\/p>\n<p>El RESPONSABLE tratar\u00e1 los datos personales del usuario en base al consentimiento expreso que \u00e9ste otorga una vez le\u00edda la Pol\u00edtica de privacidad, en atenci\u00f3n al art\u00edculo 6.1.a) Reglamento UE 2016\/679 de Protecci\u00f3n de datos personales.<\/p>\n<p><span style=\"text-decoration: underline;\">Env\u00edo y registro de datos de car\u00e1cter personal<\/span><\/p>\n<p>El env\u00edo de datos de car\u00e1cter personal es obligatorio para contactar y recibir informaci\u00f3n sobre los servicios prestados por el Responsable. As\u00ed mismo, el no facilitar los datos personales solicitados o el no aceptar la presente pol\u00edtica de protecci\u00f3n de datos supone la imposibilidad de subscribirse, registrarse o recibir informaci\u00f3n de estos servicios.<br \/>Cuando los datos de car\u00e1cter personal sean obtenidos del afectado a trav\u00e9s de redes de comunicaciones electr\u00f3nicas o en el marco de la prestaci\u00f3n de un servicio de la sociedad de la informaci\u00f3n, as\u00ed como en aquellos otros supuestos expresamente establecidos por la ley o cuando as\u00ed lo autorice la Agencia Espa\u00f1ola de Protecci\u00f3n de Datos, el responsable del tratamiento podr\u00e1 dar cumplimiento al deber de informaci\u00f3n<br \/>establecido en el art\u00edculo 13 del Reglamento (UE) 2016\/679 facilitando al afectado almenos la informaci\u00f3n b\u00e1sica siguiente:<\/p>\n<p>a) La identidad del responsable del tratamiento y de su representante, en su caso.<br \/>b) La finalidad del tratamiento.<br \/>c) La manera en que el afectado podr\u00e1 ejercitar los derechos establecidos en los art\u00edculos 15 a 22 del Reglamento (UE) 2016\/679.<\/p>\n<p>Sin embargo, los responsables y encargados del tratamiento o, en su caso, sus representantes deber\u00e1n mantener el registro de actividades de tratamiento a que se refiere el art\u00edculo 30 del Reglamento (UE) 2016\/679, a menos que la empresa o<br \/>organizaci\u00f3n ocupen menos de 250 personas, con la excepci\u00f3n de que el tratamiento que realice pueda suponer un riesgo para los derechos y libertades de los interesados, no sea ocasional, o incluya categor\u00edas especiales de datos personales indicados en el art\u00edculo 9, apartado 1, o datos personales relativos a condenas e infracciones penales a que se refiere el art\u00edculo 10 del Reglamento (UE) 2016\/679.<br \/>Finalmente, el art\u00edculo 5.1.f) del Reglamento (UE) 2016\/679 determina la necesidad de establecer garant\u00edas de seguridad adecuadas contra el tratamiento no autorizado o il\u00edcito, contra la p\u00e9rdida de los datos personales, la destrucci\u00f3n o el da\u00f1o accidental.<br \/>Esto implica el establecimiento de medidas t\u00e9cnicas y organizativas encaminadas a asegurar la integridad y confidencialidad de los datos personales y la posibilidad (art\u00edculo 5.2) de demostrar que estas medidas se han llevado a la pr\u00e1ctica (responsabilidad proactiva).<\/p>\n<p><span style=\"text-decoration: underline;\">Cesi\u00f3n o comunicaci\u00f3n de datos personales y transferencias internacionales<\/span><\/p>\n<p>El Responsable no ceder\u00e1 los datos personales a terceros. No obstante, en el caso de ser cedidos a alg\u00fan tercero se producir\u00eda una informaci\u00f3n previa solicitando el consentimiento expreso del afectado en virtud del art\u00edculo 4.11 del Reglamento (UE)<br \/>2016\/679 de 27 de abril del 2016.<br \/>No est\u00e1n previstas transferencias de datos a terceros pa\u00edses.<br \/>Exactitud y veracidad de los datos facilitados.<br \/>El Usuario que env\u00eda la informaci\u00f3n al Responsable es el \u00fanico responsable de la veracidad y correcci\u00f3n de los datos incluidos, exoner\u00e1ndose el Responsable de cualquier responsabilidad sobre este tema.<br \/>Los usuarios garantizan y responden, en cualquier caso, de la exactitud, vigencia y autenticidad de los datos personales facilitados, y se comprometen a mantenerlos debidamente actualizados. El Usuario acepta proporcionar informaci\u00f3n completa y correcta en el formulario de registro o suscripci\u00f3n.<br \/>El Responsable no responde de la veracidad de las informaciones que no sean de elaboraci\u00f3n propia y de las cuales se indique otra fuente, por lo cual tampoco asume<br \/>responsabilidad alguna en cuanto a hipot\u00e9ticos perjuicios que pudieran originarse por el uso de esta informaci\u00f3n. Se exonera al Responsable de responsabilidad ante cualquier da\u00f1o o perjuicio que pudiera sufrir el Usuario como consecuencia de errores, defectos u omisiones, en la informaci\u00f3n facilitada por el Responsable siempre que proceda de fuentes ajenas a el Responsable.<\/p>\n<p><span style=\"text-decoration: underline;\">Conservaci\u00f3n de los datos<\/span><\/p>\n<p>En cualquier caso, el tiempo de conservaci\u00f3n ser\u00e1 el indispensable, debi\u00e9ndose de mantener como m\u00ednimo:<br \/>\u2022 4 a\u00f1os: Ley sobre Infracciones y Sanciones en el Orden Social (obligaciones en materia de afiliaci\u00f3n, altas, bajas, cotizaci\u00f3n, pago de salarios&#8230;); Arts. 66 y sig. Ley General Tributaria (libros de contabilidad&#8230;)<br \/>\u2022 5 a\u00f1os: Art. 1964 C\u00f3digo Civil (acciones personales sin plazo especial)<br \/>\u2022 6 a\u00f1os: Art. 30 C\u00f3digo de Comercio (libros de contabilidad, facturas&#8230;)<br \/>\u2022 10 a\u00f1os: Art. 25 Ley de Prevenci\u00f3n del Blanqueo de Capitales y Financiaci\u00f3n del Terrorismo.<\/p>\n<p><span style=\"text-decoration: underline;\">Ejercicio de derechos de acceso, rectificaci\u00f3n, supresi\u00f3n, limitaci\u00f3n, portabilidad y oposici\u00f3n<\/span><\/p>\n<p>Podr\u00e1 dirigir sus comunicaciones y ejercitar los derechos de acceso, rectificaci\u00f3n, supresi\u00f3n, limitaci\u00f3n, portabilidad y oposici\u00f3n a trav\u00e9s de correo postal al Responsable<br \/>C\/NARCIS DE CIURANA 12, 17470, SANT PERE PESCADOR, GIRONA o al email: emporda@empordasl.com junto con prueba v\u00e1lida en derecho, como fotocopia del D.N.I. e indicando en el asunto \u00abPROTECCI\u00d3N DE DATOS\u00bb.<br \/>Asimismo, puede dirigirse a la Autoridad de Control en materia de Protecci\u00f3n de Datos competente para obtener informaci\u00f3n adicional o presentar una reclamaci\u00f3n<\/p>\n<p><span style=\"text-decoration: underline;\">Aceptaci\u00f3n y consentimiento<\/span><\/p>\n<p>El Usuario declara haber sido informado de las condiciones sobre protecci\u00f3n de datos<br \/>de car\u00e1cter personal, aceptando y consintiendo el tratamiento de las mismas por parte<br \/>del Responsable, en la forma y para las finalidades indicadas en la presente Pol\u00edtica de<br \/>Protecci\u00f3n de Datos Personales.<br \/>Cambios en la presente pol\u00edtica de privacidad.<br \/>El Responsable se reserva el derecho a modificar la presente pol\u00edtica para adaptarla a<br \/>novedades legislativas o jurisprudenciales, as\u00ed como a pr\u00e1cticas de la industria. En<br \/>dichos supuestos, el Responsable anunciar\u00e1 en esta p\u00e1gina los cambios introducidos<br \/>con razonable antelaci\u00f3n a su puesta en pr\u00e1ctica.<br \/>reCAPTCHA<br \/>Utilizamos el servicio reCAPTCHA de Google Inc. (Google, ahora en adelante) para<br \/>proteger los datos enviados a trav\u00e9s de los formularios de las p\u00e1ginas de nuestros<br \/>usuarios. Este servicio permite diferenciar los datos enviados por personas de los<br \/>mensajes automatizados y supone la transmisi\u00f3n de la direcci\u00f3n IP y otros datos<br \/>requeridos por Google para el uso del servicio reCAPTCHA. Con tal finalidad, los datos<br \/>ser\u00e1n transmitidos a Google para poder ser utilizados. La direcci\u00f3n IP ser\u00e1 encriptada<br \/>por Google en los estados miembros de la Uni\u00f3n Europea as\u00ed como en los estados<br \/>asociados al espacio econ\u00f3mico europeo. S\u00f3lo en algunos casos excepcionales, las<br \/>direcciones IP ser\u00e1n transmitidas al servidor de Google en los Estados Unidos para su<br \/>encriptaci\u00f3n. En nombre del propietario de este sitio web, Google va a utilizar estas<br \/>informaciones para evaluar el uso del servicio por parte de los usuarios. La direcci\u00f3n IP<\/p>\n<p>Documentaci\u00f3n LSSI-CE<\/p>\n<p>FRUCTICOLA EMPORDA S.L.<\/p>\n<p>_____________________________________________________________________________<\/p>\n<p>____________________________________________________________________________<br \/>WWW.SPASS.ES 900 929 000<\/p>\n<p>20<br \/>transmitida por reCAPTCHA se mantendr\u00e1 separada de otros datos de Google. Para<br \/>estos datos es v\u00e1lida la pol\u00edtica de privacidad de Google. Todos los detalles acerca de<br \/>la pol\u00edtica de privacidad de Google se pueden leer en la p\u00e1gina<br \/>https:\/\/www.google.com\/intl\/es\/policies\/privacy\/<br \/>Al utilizar el servicio reCAPTCHA, el usuario consiente el tratamiento de los datos sobre<br \/>\u00e9l de los que Google dispone en la forma y prop\u00f3sitos arriba establecidos.<\/p>\n<p>Documentaci\u00f3n LSSI-CE<\/p>\n<p>FRUCTICOLA EMPORDA S.L.<\/p>\n<p>_____________________________________________________________________________<\/p>\n<p>____________________________________________________________________________<br \/>WWW.SPASS.ES 900 929 000<\/p>\n<p>21<\/p>\n<p>POL\u00cdTICA DE PRIVACIDAD REDES SOCIALES<\/p>\n<p>En cumplimiento del Reglamento (UE) 2016\/679, de 27 de abril del 2016 (RGPD) y la<br \/>Ley 34\/2002, de 11 de julio, de Servicios de la Sociedad de la Informaci\u00f3n y de Comercio<br \/>Electr\u00f3nico (LSSI-CE), FRUCTICOLA EMPORDA S.L. (ahora en adelante, el<br \/>Responsable) informa a los usuarios, que ha procedido a crear un perfil en las Redes<br \/>Sociales Facebook e Instagram con la finalidad principal de publicitar sus productos y<br \/>servicios.<br \/>Datos de FRUCTICOLA EMPORDA S.L.<br \/>NIF: B17015769<br \/>Direcci\u00f3n: C\/NARCIS DE CIURANA 12, 17470, SANT PERE PESCADOR, GIRONA<br \/>Tel\u00e9fono: 972520000<br \/>Email: emporda@empordasl.com<br \/>P\u00e1gina web: https:\/\/www.fructicolaemporda.com\/<br \/>El usuario dispone de un perfil en la misma Red Social y ha decidido unirse a la p\u00e1gina<br \/>creada por el Responsable, mostrando as\u00ed inter\u00e9s en la informaci\u00f3n que se publicite en<br \/>la Red. Al unirse a nuestra p\u00e1gina, nos facilita su consentimiento para el tratamiento de<br \/>aquellos datos personales publicados en su perfil.<br \/>El usuario puede acceder en todo momento a las pol\u00edticas de privacidad de la propia<br \/>Red Social, as\u00ed como configurar su perfil para garantizar su privacidad.<br \/>El Responsable tiene acceso y trata aquella informaci\u00f3n p\u00fablica del usuario, en especial,<br \/>su nombre de contacto. Estos datos, s\u00f3lo son utilizados dentro de la propia Red Social.<br \/>No son incorporados a ning\u00fan fichero.<br \/>En relaci\u00f3n a los derechos de acceso, rectificaci\u00f3n, supresi\u00f3n, limitaci\u00f3n, portabilidad y<br \/>oposici\u00f3n, de los que usted dispone y que pueden ser ejercitados ante el Responsable,<br \/>de acuerdo con el Reglamento (UE) 2016\/679, debe tener en cuenta los siguientes<br \/>matices:<br \/>*Acceso: Vendr\u00e1 definido por la funcionalidad de la Red Social y la capacidad de acceso<br \/>a la informaci\u00f3n de los perfiles de los usuarios.<br \/>*Rectificaci\u00f3n: S\u00f3lo podr\u00e1 satisfacerse en relaci\u00f3n a aquella informaci\u00f3n que se<br \/>encuentre bajo el control del Responsable, por ejemplo, eliminar comentarios publicados<br \/>en la propia p\u00e1gina. Normalmente, este derecho deber\u00e1 ejercerlo ante la Red Social.<br \/>*Cancelaci\u00f3n y\/u Oposici\u00f3n: Como en el caso anterior, s\u00f3lo podr\u00e1 satisfacerse en relaci\u00f3n a aquella informaci\u00f3n que se encuentre bajo el control del Responsable, por ejemplo, dejar de estar unido al perfil.<br \/>*Portabilidad: se prev\u00e9 la posibilidad de transmitir los datos de un responsable a otro, por lo que el interesado tendr\u00e1 derecho a que sus datos personales se transmitan directamente cuando sean t\u00e9cnicamente posible.<\/p>\n<p>*Limitaci\u00f3n: Se trata de una medida cautelar que reduce el tratamiento de los datos personales a la conservaci\u00f3n.<br \/>Los supuestos en que el interesado tendr\u00e1 derecho a obtener del responsable del tratamiento la limitaci\u00f3n del tratamiento de los datos est\u00e1 tasada por la norma y son:<br \/>-Cuando el interesado impugne la exactitud de los datos personales, durante un plazo que permita al responsable verificar la exactitud de los mismos.<br \/>-Cuando el tratamiento sea il\u00edcito y el interesado se oponga a la supresi\u00f3n de los datos personales y solicite en su lugar la limitaci\u00f3n de su uso.<br \/>-Cuando el responsable ya no necesite los datos personales para las finalidades del tratamiento, pero el interesado los necesite para la formulaci\u00f3n, el ejercicio o la defensa de reclamaciones.<br \/>-Cuando el interesado se haya opuesto al tratamiento ejercitando su derecho de oposici\u00f3n, mientras se verifica si los motivos leg\u00edtimos del responsable prevalecen sobre los del interesado.<\/p>\n<p>El Responsable realizar\u00e1 las siguientes actuaciones:<br \/>\u2022Acceso a la informaci\u00f3n p\u00fablica del perfil.<br \/>\u2022Publicaci\u00f3n en el perfil del usuario de toda aquella informaci\u00f3n ya publicada en la<br \/>p\u00e1gina del Responsable.<br \/>\u2022Enviar mensajes personales e individuales a trav\u00e9s de los canales de la Red Social.<br \/>\u2022Actualizaciones del estado de la p\u00e1gina que se publicar\u00e1n en el perfil del usuario.<br \/>El usuario siempre puede controlar sus conexiones, eliminar los contenidos que dejen de interesarle y restringir con qui\u00e9n comparte sus conexiones, para ello deber\u00e1 acceder a su configuraci\u00f3n de privacidad.<\/p>\n<p><span style=\"text-decoration: underline;\">Publicaciones<\/span><\/p>\n<p>El usuario, una vez unido a la p\u00e1gina del Responsable, podr\u00e1 publicar en \u00e9sta \u00faltima comentarios, enlaces, im\u00e1genes o fotograf\u00edas o cualquier otro tipo de contenido multimedia soportado por la Red Social. El usuario, en todos los casos, debe ser el titular de los mismos, gozar de los derechos de autor y de propiedad intelectual o contar con el consentimiento de los terceros afectados. Se proh\u00edbe expresamente cualquier publicaci\u00f3n en la p\u00e1gina, ya sean textos, gr\u00e1ficos, fotograf\u00edas, v\u00eddeos, etc. que atenten o sean susceptibles de atentar contra la moral, la \u00e9tica, el buen gusto o el decoro, y\/o que infrinjan, violen o quebranten los derechos de propiedad intelectual o industrial, el derecho a la imagen o la Ley. En estos casos, el Responsable se reserva el derecho a retirar de inmediato el contenido, pudiendo solicitar el bloqueo permanente del usuario.<br \/>El Responsable no se har\u00e1 responsable de los contenidos que libremente ha publicado un usuari .<\/p>\n<p>El usuario debe tener presente que sus publicaciones ser\u00e1n conocidas por los otros usuarios, por lo que \u00e9l mismo es el principal responsable de su privacidad.<br \/>Las im\u00e1genes que puedan publicarse en la p\u00e1gina no ser\u00e1n almacenadas en ning\u00fan fichero por parte del Responsable, pero s\u00ed que permanecer\u00e1n en la Red Social.<\/p>\n<p><span style=\"text-decoration: underline;\">Concursos y promociones<\/span><\/p>\n<p>El Responsable se reserva el derecho a realizar concursos y promociones, en los que podr\u00e1 participar el usuario unido a su p\u00e1gina. Las bases de cada uno de ellos, cuando se utilice para ello la plataforma de la Red Social, ser\u00e1n publicadas en la misma.<br \/>Cumpliendo siempre con la LSSI-CE y con cualquier otra norma que le sea de aplicaci\u00f3n.<br \/>La Red Social no patrocina, avala ni administra, de modo alguno, ninguna de nuestras promociones, ni est\u00e1 asociada a ninguna de ellas.<\/p>\n<p><span style=\"text-decoration: underline;\">Publicidad<\/span><\/p>\n<p>El Responsable utilizar\u00e1 la Red Social para publicitar sus productos y servicios, en todo caso, si decide tratar sus datos de contacto para realizar acciones directas de prospecci\u00f3n comercial, ser\u00e1 siempre, cumpliendo con las exigencias legales del Reglamento (UE) 2016\/679 y de la LSSI-CE.<br \/>No se considerar\u00e1 publicidad el hecho de recomendar a otros usuarios la p\u00e1gina del<br \/>Responsable para que tambi\u00e9n ellos puedan disfrutar de las promociones o estar informados de su actividad.<br \/>A continuaci\u00f3n, detallamos el enlace a la pol\u00edtica de privacidad de las Redes Sociales:<br \/>Facebook, <a href=\"https:\/\/www.facebook.com\/help\/323540651073243\/\">https:\/\/www.facebook.com\/help\/323540651073243\/<\/a><br \/>Instagram, <a href=\"http:\/\/instagram.com\/about\/legal\/privacy\/\">http:\/\/instagram.com\/about\/legal\/privacy\/<\/a><\/p>\n<p><\/p>\t\t\t\t\t\t<\/div>\n\t\t\t\t<\/div>\n\t\t\t\t\t<\/div>\n\t\t<\/div>\n\t\t\t\t\t<\/div>\n\t\t<\/section>\n\t\t\t\t<\/div>\n\t\t","protected":false},"excerpt":{"rendered":"<p>POL\u00cdTICA DE PRIVACIDAD A efecto del previsto en el Reglamento (UE) 2016\/679, del Parlamento Europeo y del Consejo, de 27 de abril del 2016, FRUCTICOLA EMPORDA S.L. (ahora en adelante, elResponsable) con NIF B17015769 informa al Usuario que sus datos de car\u00e1cter personal ser\u00e1n tratados con la finalidad de prestarle los servicios solicitados y enviarlela [&hellip;]<\/p>\n","protected":false},"author":1,"featured_media":0,"parent":0,"menu_order":0,"comment_status":"closed","ping_status":"closed","template":"","meta":{"footnotes":""},"_links":{"self":[{"href":"http:\/\/www.fructicolaemporda.com\/es\/wp-json\/wp\/v2\/pages\/1473"}],"collection":[{"href":"http:\/\/www.fructicolaemporda.com\/es\/wp-json\/wp\/v2\/pages"}],"about":[{"href":"http:\/\/www.fructicolaemporda.com\/es\/wp-json\/wp\/v2\/types\/page"}],"author":[{"embeddable":true,"href":"http:\/\/www.fructicolaemporda.com\/es\/wp-json\/wp\/v2\/users\/1"}],"replies":[{"embeddable":true,"href":"http:\/\/www.fructicolaemporda.com\/es\/wp-json\/wp\/v2\/comments?post=1473"}],"version-history":[{"count":10,"href":"http:\/\/www.fructicolaemporda.com\/es\/wp-json\/wp\/v2\/pages\/1473\/revisions"}],"predecessor-version":[{"id":1511,"href":"http:\/\/www.fructicolaemporda.com\/es\/wp-json\/wp\/v2\/pages\/1473\/revisions\/1511"}],"wp:attachment":[{"href":"http:\/\/www.fructicolaemporda.com\/es\/wp-json\/wp\/v2\/media?parent=1473"}],"curies":[{"name":"wp","href":"https:\/\/api.w.org\/{rel}","templated":true}]}}