{"id":1471,"date":"2024-04-02T19:10:42","date_gmt":"2024-04-02T19:10:42","guid":{"rendered":"http:\/\/www.fructicolaemporda.com\/politica-de-cookies\/"},"modified":"2024-04-17T19:24:56","modified_gmt":"2024-04-17T19:24:56","slug":"politica-de-cookies","status":"publish","type":"page","link":"http:\/\/www.fructicolaemporda.com\/es\/politica-de-cookies\/","title":{"rendered":"Pol\u00edtica de cookies"},"content":{"rendered":"\t\t<div data-elementor-type=\"wp-page\" data-elementor-id=\"1471\" class=\"elementor elementor-1471 elementor-1172\">\n\t\t\t\t\t\t<section class=\"elementor-section elementor-top-section elementor-element elementor-element-308a0b72 elementor-section-boxed elementor-section-height-default elementor-section-height-default\" data-id=\"308a0b72\" data-element_type=\"section\">\n\t\t\t\t\t\t<div class=\"elementor-container elementor-column-gap-default\">\n\t\t\t\t\t<div class=\"elementor-column elementor-col-100 elementor-top-column elementor-element elementor-element-634ca335\" data-id=\"634ca335\" data-element_type=\"column\">\n\t\t\t<div class=\"elementor-widget-wrap elementor-element-populated\">\n\t\t\t\t\t\t<div class=\"elementor-element elementor-element-23784963 elementor-widget elementor-widget-text-editor\" data-id=\"23784963\" data-element_type=\"widget\" data-widget_type=\"text-editor.default\">\n\t\t\t\t<div class=\"elementor-widget-container\">\n\t\t\t\t\t\t\t<strong>POL\u00cdTICA DE COOKIES<\/strong>\r\n\r\n<strong>FRUCTICOLA EMPORDA S.L.<\/strong> (en adelante, el Responsable), a trav\u00e9s del presente documento, recoge su Pol\u00edtica de recogida y tratamiento de cookies, en cumplimiento de lo dispuesto en el art\u00edculo 22.2 de la Ley 34\/2002, de 11 de julio, de Servicios de la sociedad de\r\nla Informaci\u00f3n y de Comercio Electr\u00f3nico (LSSI-CE).\r\nLas cookies se almacenan en el equipo terminal del usuario (ordenador o dispositivo m\u00f3vil) y recopilan informaci\u00f3n al visitar la p\u00e1gina web <a href=\"https:\/\/www.fructicolaemporda.com\/es\/\">https:\/\/www.fructicolaemporda.com\/<\/a>, con\r\nla finalidad de mejorar la usabilidad de la misma, conocer los h\u00e1bitos o necesidades de navegaci\u00f3n de los usuarios para poder adaptarse a los mismos, as\u00ed como obtener informaci\u00f3n\r\ncon fines estad\u00edsticos. En el caso de aquellos usuarios que ya sean clientes del Responsable, la informaci\u00f3n recogida con las cookies servir\u00e1 tambi\u00e9n para su identificaci\u00f3n en\r\nacceder a las distintas herramientas que el Responsable pone a su disposici\u00f3n para la gesti\u00f3n de los servicios.\r\nLa presente Pol\u00edtica de cookies ser\u00e1 de aplicaci\u00f3n a aquellos usuarios que voluntariamente visiten las p\u00e1ginas web del Responsable, rellenen formularios de recogida de datos,\r\naccedan a las herramientas que el Responsable pone a disposici\u00f3n de sus clientes para gestionar sus servicios, o utilicen cualquier otro servicio presente en el sitio web que implique la comunicaci\u00f3n de datos al Responsable, o el acceso a datos por el Responsable\r\npara la prestaci\u00f3n de sus servicios.\r\nEl Responsable informa a los usuarios de sus p\u00e1ginas web, de la existencia de cookies y pone a su disposici\u00f3n la presente Pol\u00edtica con el fin de informarles sobre el uso y objeto de las mismas. El hecho de continuar la navegaci\u00f3n a trav\u00e9s de sus p\u00e1ginas supone el conocimiento y aceptaci\u00f3n de la presente Pol\u00edtica por parte de estos usuarios.\r\n\r\nEl Responsable utiliza los siguientes tipos de cookies:\r\n\r\nClasificadas seg\u00fan su titularidad:\r\n\r\n*Cookies propias: enviadas y gestionadas directamente por el Responsable.\r\n*Cookies de terceros: enviadas y gestionadas por un tercero ajeno al Responsable, de forma an\u00f3nima, con el fin de realizar estudios estad\u00edsticos de navegaci\u00f3n por las p\u00e1ginas web del Responsable.\r\nClasificadas seg\u00fan su finalidad:\r\n\r\n*Cookies t\u00e9cnicas y\/o de personalizaci\u00f3n: facilitan la navegaci\u00f3n al identificar la sesi\u00f3n, permitir el acceso a herramientas de acceso restringido, adem\u00e1s de configurar a medida las opciones disponibles. Posibilitan la prestaci\u00f3n del servicio previamente solicitado por el usuario.\r\n*Cookies de an\u00e1lisis y\/o publicidad: permiten conocer el n\u00famero de visitas recibidas en las diferentes secciones de las p\u00e1ginas web, los h\u00e1bitos y tendencias de sus usuarios y en consecuencia, poder mejorar la navegaci\u00f3n y el servicio ofrecido por el Responsable\r\n(fundamentalmente, Google Analytics), as\u00ed como gestionar los espacios publicitarios incluidos\u00a0en la p\u00e1gina web visitada por el usuario. Recoge datos de forma an\u00f3nima con el fin de obtener perfiles de navegaci\u00f3n de los usuarios.\r\n\r\nClasificadas seg\u00fan su duraci\u00f3n:\r\n\r\n*Cookies de sesi\u00f3n: recogen y almacenan los datos mientras el usuario accede a la p\u00e1gina web.\r\n*Cookies persistentes: recaban y almacenan los datos en el terminal del usuario durante un per\u00edodo de tiempo variable en funci\u00f3n de cu\u00e1l sea la finalidad para la que han\r\nsido utilizadas. El tiempo de conservaci\u00f3n de las cookies depender\u00e1 del tipo de que se trate y ser\u00e1 siempre el m\u00ednimo indispensable para cumplir su finalidad. En cualquier caso, los usuarios pueden configurar su navegador, por lo que se\r\ndesactive o bloquee la recepci\u00f3n de todas o algunas de las cookies. El no desear recibir estas cookies, no constituye un impedimento para poder acceder a la informaci\u00f3n\r\nde los sitios web del Responsable aunque el uso de algunos servicios podr\u00e1 ser limitado. Si una vez otorgado el consentimiento para la recepci\u00f3n de cookies se desea retirarlo, se eliminar\u00e1n aquellas cookies almacenadas en el equipo del usuario, a trav\u00e9s de las opciones de los diferentes navegadores. La forma de configurar los distintos navegadores para ejercitar las acciones se\u00f1aladas en los p\u00e1rrafos anteriores, se puede consultar en:\r\n\r\nExplorer: https:\/\/support.microsoft.com\/es-es\/help\/17442\/windows-internet-explorer-\r\ndelete-manage-cookies#ie=ie-10\r\n\r\nChrome: <a href=\"https:\/\/support.google.com\/chrome\/answer\/95647?hl=es\">https:\/\/support.google.com\/chrome\/answer\/95647?hl=es<\/a>\r\n\r\nFirefox: <a href=\"https:\/\/support.mozilla.org\/es\/kb\/habilitar-y-deshabilitar-cookies-sitios-web\">https:\/\/support.mozilla.org\/es\/kb\/habilitar-y-deshabilitar-cookies-sitios-web<\/a>\r\nrastrear-preferencias?redirectlocale=es&amp;redirectslug=habilitar-y-deshabilitar-cookies-\r\nque-los-sitios-we\r\n\r\nSafari: <a href=\"https:\/\/support.apple.com\/kb\/ph21411?locale=es_ES\">https:\/\/support.apple.com\/kb\/ph21411?locale=es_ES<\/a>\r\nOpera: <a href=\"https:\/\/help.opera.com\/es\/Windows\/11.50\/es-ES\/cookies.html\">https:\/\/help.opera.com\/es\/Windows\/11.50\/es-ES\/cookies.html<\/a>\r\nAmpliaci\u00f3n de Google Analytics\r\nEsta p\u00e1gina web utiliza Google Analytics, un servicio anal\u00edtico web proporcionado por Google, Inc. (Google, ahora en adelante). Google Analytics utiliza las llamadas \u00abcookies\u00bb, archivos de texto que se instalan en el ordenador y que hacen posible el an\u00e1lisis del\r\ncomportamiento de los usuarios en Internet. La informaci\u00f3n que genera la cookie sobre el uso que realiza el usuario de la\t\t\t\t\t\t<\/div>\n\t\t\t\t<\/div>\n\t\t\t\t\t<\/div>\n\t\t<\/div>\n\t\t\t\t\t<\/div>\n\t\t<\/section>\n\t\t\t\t<\/div>\n\t\t","protected":false},"excerpt":{"rendered":"<p>POL\u00cdTICA DE COOKIES FRUCTICOLA EMPORDA S.L. (en adelante, el Responsable), a trav\u00e9s del presente documento, recoge su Pol\u00edtica de recogida y tratamiento de cookies, en cumplimiento de lo dispuesto en el art\u00edculo 22.2 de la Ley 34\/2002, de 11 de julio, de Servicios de la sociedad de la Informaci\u00f3n y de Comercio Electr\u00f3nico (LSSI-CE). Las [&hellip;]<\/p>\n","protected":false},"author":1,"featured_media":0,"parent":0,"menu_order":0,"comment_status":"closed","ping_status":"closed","template":"","meta":{"footnotes":""},"_links":{"self":[{"href":"http:\/\/www.fructicolaemporda.com\/es\/wp-json\/wp\/v2\/pages\/1471"}],"collection":[{"href":"http:\/\/www.fructicolaemporda.com\/es\/wp-json\/wp\/v2\/pages"}],"about":[{"href":"http:\/\/www.fructicolaemporda.com\/es\/wp-json\/wp\/v2\/types\/page"}],"author":[{"embeddable":true,"href":"http:\/\/www.fructicolaemporda.com\/es\/wp-json\/wp\/v2\/users\/1"}],"replies":[{"embeddable":true,"href":"http:\/\/www.fructicolaemporda.com\/es\/wp-json\/wp\/v2\/comments?post=1471"}],"version-history":[{"count":2,"href":"http:\/\/www.fructicolaemporda.com\/es\/wp-json\/wp\/v2\/pages\/1471\/revisions"}],"predecessor-version":[{"id":1517,"href":"http:\/\/www.fructicolaemporda.com\/es\/wp-json\/wp\/v2\/pages\/1471\/revisions\/1517"}],"wp:attachment":[{"href":"http:\/\/www.fructicolaemporda.com\/es\/wp-json\/wp\/v2\/media?parent=1471"}],"curies":[{"name":"wp","href":"https:\/\/api.w.org\/{rel}","templated":true}]}}